{"id":1376,"date":"2025-09-25T15:48:04","date_gmt":"2025-09-25T13:48:04","guid":{"rendered":"https:\/\/englishgate.it\/accessibilita"},"modified":"2025-09-25T16:51:26","modified_gmt":"2025-09-25T14:51:26","slug":"accessibility","status":"publish","type":"page","link":"https:\/\/www.englishgate.it\/en\/accessibility","title":{"rendered":"Accessibility"},"content":{"rendered":"<div class=\"wpb-content-wrapper\"><p>[vc_row full_width=&#8221;stretch_row&#8221; content_placement=&#8221;middle&#8221; css=&#8221;.vc_custom_1756309709152{background-position: center !important;background-repeat: no-repeat !important;background-size: cover !important;}&#8221; el_id=&#8221;header&#8221; el_class=&#8221;header-colore gradient&#8221;][vc_column][vc_column_text css=&#8221;&#8221; el_class=&#8221;no-margin-bottom&#8221;]<\/p>\n<h1>Dichiarazione di accessibilit\u00e0<\/h1>\n<p>[\/vc_column_text][\/vc_column][\/vc_row][vc_row][vc_column][vc_empty_space height=&#8221;50&#8243;][vc_column_text css=&#8221;&#8221; el_class=&#8221;no-margin-bottom&#8221;]English Gate School si impegna a rendere il proprio sito web accessibile, conformemente al D.lgs 10 agosto 2018, n. 106 che ha recepito la direttiva UE 2016\/2102\u00a0 del Parlamento europeo e del Consiglio.<\/p>\n<p>La presente dichiarazione di accessibilit\u00e0 si applica al sito web https:\/\/www.englishgate.it\/<\/p>\n<h3>Stato di conformit\u00e0<\/h3>\n<p>Questo sito web \u00e8 parzialmente conforme ai requisiti previsti\u00a0 dall\u2019allegato A alla norma UNI EN 301549:2018 (WCAG 2.1) e ai requisiti ex allegato A DM 5 luglio\u00a0 2005 (WCAG 2.0) in ragione dei casi di non conformit\u00e0 elencati di seguito.<\/p>\n<p><b>Contenuti non accessibili\u00a0<\/b><\/p>\n<ul>\n<li style=\"font-weight: 400;\" aria-level=\"1\">Alcuni contenuti e\/o funzionalit\u00e0 presenti nel sito sono forniti da terze parti per cui non \u00e8 possibile intervenire direttamente per garantire la piena accessibilit\u00e0. Nello specifico:\n<ul>\n<li style=\"font-weight: 400;\" aria-level=\"2\">Form di contatto HubSpot: Il form di acquisizione contatti \u00e8 gestito dalla piattaforma HubSpot e potrebbe non rispettare pienamente alcuni criteri di accessibilit\u00e0 relativi a contrasto colori, etichettature e navigazione da tastiera.<\/li>\n<li style=\"font-weight: 400;\" aria-level=\"2\">Widget e plugin esterni: Altri elementi integrati da servizi esterni (mappe, social media,) sui quali il titolare del sito non ha il pieno controllo tecnico.<\/li>\n<\/ul>\n<\/li>\n<li style=\"font-weight: 400;\" aria-level=\"1\">Alcuni file PDF potrebbero non essere completamente accessibili. Ci rendiamo disponibili su segnalazione a fornire una copia aggiornata;<\/li>\n<li style=\"font-weight: 400;\" aria-level=\"1\">Alcuni video potrebbero non avere le didascalie: non tutti i video includono sottotitoli per i contenuti audio.<\/li>\n<\/ul>\n<p>L&#8217;organizzazione si impegna costantemente a individuare e adottare soluzioni alternative per migliorare l&#8217;accessibilit\u00e0 di questi contenuti.<\/p>\n<h3>Redazione della dichiarazione di accessibilit\u00e0<\/h3>\n<p>La presente dichiarazione \u00e8 stata redatta il <b>25\/09\/2025<\/b>.<\/p>\n<p>La valutazione \u00e8 stata effettuata da terzi tramite analisi oggettive e soggettive <i>(cfr. l&#8217;articolo 3, paragrafo 1, della decisione di esecuzione UE\u00a0 2018\/1523 della Commissione)<\/i><\/p>\n<p>Software utilizzato per la verifica tecnica: <strong>WAVE e Google Lighthouse<\/strong><\/p>\n<p>La dichiarazione \u00e8 stata riesaminata da ultimo il <b>25\/09\/2025<\/b>.<\/p>\n<h3>Feedback e informazioni di contatto<\/h3>\n<p>Per notificare eventuali casi di mancata conformit\u00e0 e assistenza su contenuti esclusi dall\u2019ambito di applicazione della direttiva, \u00e8 disponibile un indirizzo email: <a href=\"mailto:system@englishgate.it\">system@englishgate.it<\/a><\/p>\n<p>Con la presente email gli utenti possono indicare la pagina web in cui \u00e8 stata riscontrata una problematica di accessibilit\u00e0, specificandone la tipologia.<br \/>\n\u00c8 inoltre possibile fornire, in modo facoltativo, ulteriori dettagli sulla problematica e suggerire una possibile risoluzione, anche in relazione allo strumento tecnologico o adattivo utilizzato.<\/p>\n<h3>Procedura di attuazione [ricorso al Difensore Civico Digitale]<\/h3>\n<p>In caso di risposta insoddisfacente o mancata risposta entro 30 giorni, alla notifica o alla richiesta, l\u2019utente pu\u00f2 inoltrare segnalazione all\u2019Agenzia per l\u2019Italia Digitale (AgID) tramite il form disponibile al seguente <a href=\"https:\/\/www.agid.gov.it\/it\/ambiti-intervento\/accessibilita-usabilita\"><b>link<\/b><\/a>.<\/p>\n<p>In alternativa, l\u2019utente pu\u00f2 rivolgersi al <b>Difensore Civico per il Digitale<\/b>, istituito presso l\u2019AgID, raggiungibile dal medesimo link sopra indicato.<\/p>\n<h3>Informazioni richieste da AGID<\/h3>\n<ol>\n<li>la data di pubblicazione del sito web: 26\/09\/2025<\/li>\n<li>il numero di dipendenti con disabilit\u00e0 presenti nell\u2019amministrazione: 0<\/li>\n<li>Il numero di postazioni di lavoro per dipendenti con disabilit\u00e0: 0<\/li>\n<li>il \u201cresponsabile dei processi di integrazione\u201c (art. 39-ter del D.lgs n. 165\/2001)<br \/>\na. \u00e8\u00a0prevista nella struttura: no<br \/>\n<i><\/i>b. \u00e8 stato nominato dal soggetto erogatore: no<\/li>\n<li>\u00a0CMS utilizzato per il sito web: WordPress<\/li>\n<\/ol>\n<p>[\/vc_column_text][vc_empty_space height=&#8221;50&#8243;][\/vc_column][\/vc_row]<\/p>\n<\/div>","protected":false},"excerpt":{"rendered":"<p>[vc_row full_width=&#8221;stretch_row&#8221; content_placement=&#8221;middle&#8221; css=&#8221;.vc_custom_1756309709152{background-position: center !important;background-repeat: no-repeat !important;background-size: cover !important;}&#8221; [&hellip;]<\/p>\n","protected":false},"author":1,"featured_media":0,"parent":0,"menu_order":0,"comment_status":"closed","ping_status":"closed","template":"","meta":{"_acf_changed":false,"footnotes":""},"class_list":["post-1376","page","type-page","status-publish","hentry"],"acf":[],"yoast_head":"<!-- This site is optimized with the Yoast SEO plugin v27.3 - https:\/\/yoast.com\/product\/yoast-seo-wordpress\/ -->\n<title>Accessibility - English Gate School<\/title>\n<meta name=\"robots\" content=\"index, follow, max-snippet:-1, max-image-preview:large, max-video-preview:-1\" \/>\n<link rel=\"canonical\" href=\"https:\/\/www.englishgate.it\/en\/accessibility\" \/>\n<meta property=\"og:locale\" content=\"en_US\" \/>\n<meta property=\"og:type\" content=\"article\" \/>\n<meta property=\"og:title\" content=\"Accessibility - English Gate School\" \/>\n<meta property=\"og:description\" content=\"[vc_row full_width=&#8221;stretch_row&#8221; content_placement=&#8221;middle&#8221; css=&#8221;.vc_custom_1756309709152{background-position: center !important;background-repeat: no-repeat !important;background-size: cover !important;}&#8221; [&hellip;]\" \/>\n<meta property=\"og:url\" content=\"https:\/\/www.englishgate.it\/en\/accessibility\" \/>\n<meta property=\"og:site_name\" content=\"English Gate School\" \/>\n<meta property=\"article:publisher\" content=\"https:\/\/www.facebook.com\/englishgatecantu\/\" \/>\n<meta property=\"article:modified_time\" content=\"2025-09-25T14:51:26+00:00\" \/>\n<meta property=\"og:image\" content=\"https:\/\/www.englishgate.it\/wp-content\/uploads\/2025\/09\/thumb.webp\" \/>\n\t<meta property=\"og:image:width\" content=\"1200\" \/>\n\t<meta property=\"og:image:height\" content=\"675\" \/>\n\t<meta property=\"og:image:type\" content=\"image\/webp\" \/>\n<meta name=\"twitter:card\" content=\"summary_large_image\" \/>\n<meta name=\"twitter:label1\" content=\"Est. reading time\" \/>\n\t<meta name=\"twitter:data1\" content=\"3 minutes\" \/>\n<script type=\"application\/ld+json\" class=\"yoast-schema-graph\">{\"@context\":\"https:\\\/\\\/schema.org\",\"@graph\":[{\"@type\":\"WebPage\",\"@id\":\"https:\\\/\\\/www.englishgate.it\\\/en\\\/accessibility\",\"url\":\"https:\\\/\\\/www.englishgate.it\\\/en\\\/accessibility\",\"name\":\"Accessibility - English Gate School\",\"isPartOf\":{\"@id\":\"https:\\\/\\\/www.englishgate.it\\\/en#website\"},\"datePublished\":\"2025-09-25T13:48:04+00:00\",\"dateModified\":\"2025-09-25T14:51:26+00:00\",\"breadcrumb\":{\"@id\":\"https:\\\/\\\/www.englishgate.it\\\/en\\\/accessibility#breadcrumb\"},\"inLanguage\":\"en-US\",\"potentialAction\":[{\"@type\":\"ReadAction\",\"target\":[\"https:\\\/\\\/www.englishgate.it\\\/en\\\/accessibility\"]}]},{\"@type\":\"BreadcrumbList\",\"@id\":\"https:\\\/\\\/www.englishgate.it\\\/en\\\/accessibility#breadcrumb\",\"itemListElement\":[{\"@type\":\"ListItem\",\"position\":1,\"name\":\"Home\",\"item\":\"https:\\\/\\\/www.englishgate.it\\\/en\"},{\"@type\":\"ListItem\",\"position\":2,\"name\":\"Accessibility\"}]},{\"@type\":\"WebSite\",\"@id\":\"https:\\\/\\\/www.englishgate.it\\\/en#website\",\"url\":\"https:\\\/\\\/www.englishgate.it\\\/en\",\"name\":\"English Gate School\",\"description\":\"Scuola Internazionale Paritaria da 1 a 14 anni a Cant\u00f9\",\"publisher\":{\"@id\":\"https:\\\/\\\/www.englishgate.it\\\/en#organization\"},\"potentialAction\":[{\"@type\":\"SearchAction\",\"target\":{\"@type\":\"EntryPoint\",\"urlTemplate\":\"https:\\\/\\\/www.englishgate.it\\\/en?s={search_term_string}\"},\"query-input\":{\"@type\":\"PropertyValueSpecification\",\"valueRequired\":true,\"valueName\":\"search_term_string\"}}],\"inLanguage\":\"en-US\"},{\"@type\":\"Organization\",\"@id\":\"https:\\\/\\\/www.englishgate.it\\\/en#organization\",\"name\":\"English Gate School\",\"url\":\"https:\\\/\\\/www.englishgate.it\\\/en\",\"logo\":{\"@type\":\"ImageObject\",\"inLanguage\":\"en-US\",\"@id\":\"https:\\\/\\\/www.englishgate.it\\\/en#\\\/schema\\\/logo\\\/image\\\/\",\"url\":\"https:\\\/\\\/www.englishgate.it\\\/wp-content\\\/uploads\\\/2025\\\/07\\\/favicon-1.png\",\"contentUrl\":\"https:\\\/\\\/www.englishgate.it\\\/wp-content\\\/uploads\\\/2025\\\/07\\\/favicon-1.png\",\"width\":512,\"height\":512,\"caption\":\"English Gate School\"},\"image\":{\"@id\":\"https:\\\/\\\/www.englishgate.it\\\/en#\\\/schema\\\/logo\\\/image\\\/\"},\"sameAs\":[\"https:\\\/\\\/www.facebook.com\\\/englishgatecantu\\\/\",\"https:\\\/\\\/www.instagram.com\\\/englishgateschool\\\/\",\"https:\\\/\\\/www.linkedin.com\\\/company\\\/english-gate-school\\\/\",\"https:\\\/\\\/www.youtube.com\\\/channel\\\/UC_gtJohJUufyaQDZjgc3uMA\"]}]}<\/script>\n<!-- \/ Yoast SEO plugin. -->","yoast_head_json":{"title":"Accessibility - English Gate School","robots":{"index":"index","follow":"follow","max-snippet":"max-snippet:-1","max-image-preview":"max-image-preview:large","max-video-preview":"max-video-preview:-1"},"canonical":"https:\/\/www.englishgate.it\/en\/accessibility","og_locale":"en_US","og_type":"article","og_title":"Accessibility - English Gate School","og_description":"[vc_row full_width=&#8221;stretch_row&#8221; content_placement=&#8221;middle&#8221; css=&#8221;.vc_custom_1756309709152{background-position: center !important;background-repeat: no-repeat !important;background-size: cover !important;}&#8221; [&hellip;]","og_url":"https:\/\/www.englishgate.it\/en\/accessibility","og_site_name":"English Gate School","article_publisher":"https:\/\/www.facebook.com\/englishgatecantu\/","article_modified_time":"2025-09-25T14:51:26+00:00","og_image":[{"width":1200,"height":675,"url":"https:\/\/www.englishgate.it\/wp-content\/uploads\/2025\/09\/thumb.webp","type":"image\/webp"}],"twitter_card":"summary_large_image","twitter_misc":{"Est. reading time":"3 minutes"},"schema":{"@context":"https:\/\/schema.org","@graph":[{"@type":"WebPage","@id":"https:\/\/www.englishgate.it\/en\/accessibility","url":"https:\/\/www.englishgate.it\/en\/accessibility","name":"Accessibility - English Gate School","isPartOf":{"@id":"https:\/\/www.englishgate.it\/en#website"},"datePublished":"2025-09-25T13:48:04+00:00","dateModified":"2025-09-25T14:51:26+00:00","breadcrumb":{"@id":"https:\/\/www.englishgate.it\/en\/accessibility#breadcrumb"},"inLanguage":"en-US","potentialAction":[{"@type":"ReadAction","target":["https:\/\/www.englishgate.it\/en\/accessibility"]}]},{"@type":"BreadcrumbList","@id":"https:\/\/www.englishgate.it\/en\/accessibility#breadcrumb","itemListElement":[{"@type":"ListItem","position":1,"name":"Home","item":"https:\/\/www.englishgate.it\/en"},{"@type":"ListItem","position":2,"name":"Accessibility"}]},{"@type":"WebSite","@id":"https:\/\/www.englishgate.it\/en#website","url":"https:\/\/www.englishgate.it\/en","name":"English Gate School","description":"Scuola Internazionale Paritaria da 1 a 14 anni a Cant\u00f9","publisher":{"@id":"https:\/\/www.englishgate.it\/en#organization"},"potentialAction":[{"@type":"SearchAction","target":{"@type":"EntryPoint","urlTemplate":"https:\/\/www.englishgate.it\/en?s={search_term_string}"},"query-input":{"@type":"PropertyValueSpecification","valueRequired":true,"valueName":"search_term_string"}}],"inLanguage":"en-US"},{"@type":"Organization","@id":"https:\/\/www.englishgate.it\/en#organization","name":"English Gate School","url":"https:\/\/www.englishgate.it\/en","logo":{"@type":"ImageObject","inLanguage":"en-US","@id":"https:\/\/www.englishgate.it\/en#\/schema\/logo\/image\/","url":"https:\/\/www.englishgate.it\/wp-content\/uploads\/2025\/07\/favicon-1.png","contentUrl":"https:\/\/www.englishgate.it\/wp-content\/uploads\/2025\/07\/favicon-1.png","width":512,"height":512,"caption":"English Gate School"},"image":{"@id":"https:\/\/www.englishgate.it\/en#\/schema\/logo\/image\/"},"sameAs":["https:\/\/www.facebook.com\/englishgatecantu\/","https:\/\/www.instagram.com\/englishgateschool\/","https:\/\/www.linkedin.com\/company\/english-gate-school\/","https:\/\/www.youtube.com\/channel\/UC_gtJohJUufyaQDZjgc3uMA"]}]}},"publishpress_future_action":{"enabled":false,"date":"2026-04-24 13:48:44","action":"change-status","newStatus":"draft","terms":[],"taxonomy":"translation_priority","extraData":[]},"publishpress_future_workflow_manual_trigger":{"enabledWorkflows":[]},"_links":{"self":[{"href":"https:\/\/www.englishgate.it\/en\/wp-json\/wp\/v2\/pages\/1376","targetHints":{"allow":["GET"]}}],"collection":[{"href":"https:\/\/www.englishgate.it\/en\/wp-json\/wp\/v2\/pages"}],"about":[{"href":"https:\/\/www.englishgate.it\/en\/wp-json\/wp\/v2\/types\/page"}],"author":[{"embeddable":true,"href":"https:\/\/www.englishgate.it\/en\/wp-json\/wp\/v2\/users\/1"}],"replies":[{"embeddable":true,"href":"https:\/\/www.englishgate.it\/en\/wp-json\/wp\/v2\/comments?post=1376"}],"version-history":[{"count":0,"href":"https:\/\/www.englishgate.it\/en\/wp-json\/wp\/v2\/pages\/1376\/revisions"}],"wp:attachment":[{"href":"https:\/\/www.englishgate.it\/en\/wp-json\/wp\/v2\/media?parent=1376"}],"curies":[{"name":"wp","href":"https:\/\/api.w.org\/{rel}","templated":true}]}}